{"id":792,"date":"2013-02-06T10:21:40","date_gmt":"2013-02-06T10:21:40","guid":{"rendered":"http:\/\/d800fotos.wordpress.com\/?page_id=1"},"modified":"2013-02-06T10:21:40","modified_gmt":"2013-02-06T10:21:40","slug":"about","status":"publish","type":"page","link":"https:\/\/blog.d80fotos.de\/?page_id=792","title":{"rendered":"\u00dcber mich"},"content":{"rendered":"<p><b>Hallo, ich bin Volker Gottwald. <\/b><\/p>\n<p><a href=\"http:\/\/d800fotos.files.wordpress.com\/2013\/02\/vgo_1648_8001.jpg\"><img loading=\"lazy\" decoding=\"async\" class=\"alignnone size-large wp-image-60\" src=\"http:\/\/d800fotos.files.wordpress.com\/2013\/02\/vgo_1648_8001.jpg?w=584\" alt=\"VGO_1648_800\" width=\"584\" height=\"389\" srcset=\"https:\/\/blog.d80fotos.de\/wp-content\/uploads\/2013\/02\/vgo_1648_8001.jpg 800w, https:\/\/blog.d80fotos.de\/wp-content\/uploads\/2013\/02\/vgo_1648_8001-300x200.jpg 300w, https:\/\/blog.d80fotos.de\/wp-content\/uploads\/2013\/02\/vgo_1648_8001-768x513.jpg 768w\" sizes=\"auto, (max-width: 584px) 100vw, 584px\" \/><\/a><\/p>\n<p>Die Liebe zur Fotografie wurde mir quasi in die Wiege gelegt. In unserer Familie wurde schon immer viel fotografiert. Und auch schon kurz nach 1945 gab es schon Technik-Verr\u00fcckte, wie mein Vater, der immer die neuesten Modelle von Kameras haben musste. Die Dunkelkammer im Keller war nat\u00fcrlich auch da, und was hat der Nachwuchs gemacht? Fotografiert und Bilder entwickelt. Dabei bin ich geblieben. Das mit dem Bilder entwickeln habe ich auch noch bis in die 80er Jahre gemacht, aber dann ganz aufgegeben als die Bilder mehr und mehr digital wurden.<\/p>\n<p>Meine erste Spiegelreflex-Kamera war, glaube ich, eine <a href=\"http:\/\/de.wikipedia.org\/wiki\/Exakta\" target=\"_blank\" rel=\"noopener\">Exakta<\/a>, sp\u00e4ter kamen dann verschiedene Canons dazu \u00fcber die T90 bis zur AE1. Die Digitalkamerazeit hat bei mir 1998 mit einer Fuji angefangen, dann \u00fcber verschiedene Olympus Modelle zur Nikon Coolpix 4800 und im September 2006 zur D80, dann zur D300s und Ende 2012 zur D800.<\/p>\n<p>Ich hatte lange gez\u00f6gert und gewartet mit dem Sprung zur digitalen Spiegelreflex-Kamera. Aber als ich die ersten Rezensionen der D80 gelesen habe, wusste ich, das ist \u201eMeine\u201c.<\/p>\n<p>Allerdings geh\u00f6re ich &#8211; bei aller Liebe zur Technik &#8211; zu den Menschen, die glauben, dass eine gute Kamera alleine keine guten Fotos macht. Das gute Auge geh\u00f6rt dazu, das Gef\u00fchl f\u00fcr eine gute Komposition und das Gesp\u00fcr f\u00fcr den richtigen Moment. \u201eMan muss Auge, Geist und Herz auf eine Linie bringen\u201c, so hat <a href=\"http:\/\/en.wikipedia.org\/wiki\/Henri_Cartier-Bresson\" target=\"_blank\" rel=\"noopener\">Henri Cartier-Bresson<\/a> es ausgedr\u00fcckt. Ich bewundere seine Fotos. In dem Film \u201eBiografie eine Blickes\u201c sagt er: \u201eDie Freude ist die Geometrie, wenn auf einem Bild alles am richtigen Ort ist.\u201c Aus dem gleichen Film stammt dieser Satz von Cartier-Bresson, den ich mir zu Eigen mache: \u201eFotografieren ist f\u00fcr mich das Erkennen von Rhythmen, Linien und Werten in dem was ich sehe. Das Auge bestimmt den Bildausschnitt und der Fotoapparat hat nichts anderes zu tun, als die Entscheidung des Auges auf Film festzuhalten. Man erfasst ein Foto als Einheit: Auf einen Blick, wie ein Gem\u00e4lde.\u201c<\/p>\n<p>Neben der Liebe zur Fotografie hatte ich immer eine Ader zur Kunst und besonders zur Grafik. Die Gebrauchsgrafik und Typografie <a href=\"http:\/\/en.wikipedia.org\/wiki\/Otl_Aicher\" target=\"_blank\" rel=\"noopener\">Otl Aichers<\/a> hatte mich in der Schulzeit so begeistert, dass ich dieses Fach studieren wollte. Voraussetzung war eine Lehre in der Druckindustrie und was lag n\u00e4her als <a href=\"http:\/\/de.wikipedia.org\/wiki\/Reprograf\" target=\"_blank\" rel=\"noopener\">Reproduktionfotograf<\/a> zu lernen, einen Beruf, den es heute nicht mehr gibt.<\/p>\n<p>Und dann bin im \u201eGrafischen Gewerbe\u201c h\u00e4ngen geblieben und habe mich dort zu Aufgaben in Marketing und Projektmanagement hin entwickelt. Der Beruf hat lange Jahre nicht viel Raum f\u00fcr die Fotografie gelassen, au\u00dfer f\u00fcr die \u00fcblichen Urlaubsbilder. Die Liebe zur Kunst, Fotografie und Typografie ist geblieben. Ich nutze die neuen Medien, die neue Technik. Die Dunkelkammer in unserem Haus ist l\u00e4ngst zweckentfremdet. Bildbearbeitung geschieht am PC, die \u201eNegative\u201c liegen auf der Festplatte.<\/p>\n<p>Die Anschaffung der D80 in 2006 und ihre technischen M\u00f6glichkeiten lie\u00dfen mich anschlie\u00dfen an die Zeit vor 30 Jahren, als ich mit den \u201eanalogen\u201c Spiegelreflexkameras intensiv fotografiert habe. Der Schritt zur Vollformat-Digitalkamera D800 Ende 2012 hat dann endlich die &#8222;Anmutung&#8220; der analogen Fotografie zur\u00fcck gebracht, die Qualit\u00e4t und Entwicklungsm\u00f6glichkeiten waren ja schon vorher \u00fcbertroffen.<\/p>\n<p>Neue Objektive &#8211; die Sammlung wird st\u00e4ndig erweitert &#8211; und der Erfahrungsaustausch mit Gleichgesinnten im <a href=\"http:\/\/www.nikon-club.de\" target=\"_blank\" rel=\"noopener\">Nikon-Club<\/a> haben zu besseren Fotos gef\u00fchrt. 2015 hatte ich mir eine zweite Kamera &#8211; die D7100 &#8211; zugelegt, um auf Reisen nicht zu oft das Objektiv wechseln zu m\u00fcssen. Neu dazu gekommen ist im Sommer 2016 die D500, die ich meist mit dem Teleobjektiv nutze und auch f\u00fcr Makroaufnahmen. F\u00fcr diesen Einsatz lohnt die Anschaffung der Kamera. Meine D800 wurde mittlerweile durch die D850 abgel\u00f6st, die D7100 und die D800 sind verkauft. Bei den Objektiven nutze ich mehr die Festbrennweiten von Sigma als die Zoomobjektive von Nikon.<\/p>\n<p>Bei der Bildbearbeitung habe ich mittlerweile von Lightroom auf ON1 Photo RAW gewechselt und bin au\u00dferordentlich zufrieden damit.<\/p>\n<p>Mal sehen, wo die Reise noch hingeht.<\/p>\n<p>Foto-Tipps gibt es auf dieser Seite. Mein Bilder gibt es bei <a href=\"http:\/\/www.d800fotos.de\" target=\"_blank\" rel=\"noopener\">www.d800fotos.de<\/a><\/p>\n","protected":false},"excerpt":{"rendered":"<p>Hallo, ich bin Volker Gottwald. Die Liebe zur Fotografie wurde mir quasi in die Wiege gelegt. In unserer Familie wurde schon immer viel fotografiert. Und auch schon kurz nach 1945 gab es schon Technik-Verr\u00fcckte, wie mein Vater, der immer die &hellip; <a href=\"https:\/\/blog.d80fotos.de\/?page_id=792\">Weiterlesen <span class=\"meta-nav\">&rarr;<\/span><\/a><\/p>\n","protected":false},"author":2,"featured_media":0,"parent":0,"menu_order":0,"comment_status":"open","ping_status":"closed","template":"","meta":{"_bbp_topic_count":0,"_bbp_reply_count":0,"_bbp_total_topic_count":0,"_bbp_total_reply_count":0,"_bbp_voice_count":0,"_bbp_anonymous_reply_count":0,"_bbp_topic_count_hidden":0,"_bbp_reply_count_hidden":0,"_bbp_forum_subforum_count":0,"footnotes":""},"class_list":["post-792","page","type-page","status-publish","hentry"],"_links":{"self":[{"href":"https:\/\/blog.d80fotos.de\/index.php?rest_route=\/wp\/v2\/pages\/792","targetHints":{"allow":["GET"]}}],"collection":[{"href":"https:\/\/blog.d80fotos.de\/index.php?rest_route=\/wp\/v2\/pages"}],"about":[{"href":"https:\/\/blog.d80fotos.de\/index.php?rest_route=\/wp\/v2\/types\/page"}],"author":[{"embeddable":true,"href":"https:\/\/blog.d80fotos.de\/index.php?rest_route=\/wp\/v2\/users\/2"}],"replies":[{"embeddable":true,"href":"https:\/\/blog.d80fotos.de\/index.php?rest_route=%2Fwp%2Fv2%2Fcomments&post=792"}],"version-history":[{"count":0,"href":"https:\/\/blog.d80fotos.de\/index.php?rest_route=\/wp\/v2\/pages\/792\/revisions"}],"wp:attachment":[{"href":"https:\/\/blog.d80fotos.de\/index.php?rest_route=%2Fwp%2Fv2%2Fmedia&parent=792"}],"curies":[{"name":"wp","href":"https:\/\/api.w.org\/{rel}","templated":true}]}}